{"id":77,"date":"2020-04-19T16:33:32","date_gmt":"2020-04-19T16:33:32","guid":{"rendered":"http:\/\/mueller-siegrist.ch\/?page_id=77"},"modified":"2023-12-06T00:16:52","modified_gmt":"2023-12-06T00:16:52","slug":"michaela","status":"publish","type":"page","link":"http:\/\/mueller-siegrist.ch\/index.php\/michaela\/","title":{"rendered":"Michaela"},"content":{"rendered":"\t\t<div data-elementor-type=\"wp-page\" data-elementor-id=\"77\" class=\"elementor elementor-77\">\n\t\t\t\t\t\t<section class=\"elementor-section elementor-top-section elementor-element elementor-element-199bbd3 elementor-section-boxed elementor-section-height-default elementor-section-height-default\" data-id=\"199bbd3\" data-element_type=\"section\" data-e-type=\"section\">\n\t\t\t\t\t\t<div class=\"elementor-container elementor-column-gap-default\">\n\t\t\t\t\t<div class=\"elementor-column elementor-col-100 elementor-top-column elementor-element elementor-element-ee0d2fb\" data-id=\"ee0d2fb\" data-element_type=\"column\" data-e-type=\"column\">\n\t\t\t<div class=\"elementor-widget-wrap\">\n\t\t\t\t\t\t\t<\/div>\n\t\t<\/div>\n\t\t\t\t\t<\/div>\n\t\t<\/section>\n\t\t\t\t<section class=\"elementor-section elementor-top-section elementor-element elementor-element-464d158 elementor-section-boxed elementor-section-height-default elementor-section-height-default\" data-id=\"464d158\" data-element_type=\"section\" data-e-type=\"section\">\n\t\t\t\t\t\t<div class=\"elementor-container elementor-column-gap-default\">\n\t\t\t\t\t<div class=\"elementor-column elementor-col-33 elementor-top-column elementor-element elementor-element-67aeb41\" data-id=\"67aeb41\" data-element_type=\"column\" data-e-type=\"column\">\n\t\t\t<div class=\"elementor-widget-wrap elementor-element-populated\">\n\t\t\t\t\t\t<div class=\"elementor-element elementor-element-b52cd89 elementor-widget elementor-widget-image\" data-id=\"b52cd89\" data-element_type=\"widget\" data-e-type=\"widget\" data-widget_type=\"image.default\">\n\t\t\t\t<div class=\"elementor-widget-container\">\n\t\t\t\t\t\t\t\t\t\t\t\t\t\t\t<img fetchpriority=\"high\" decoding=\"async\" width=\"768\" height=\"1024\" src=\"http:\/\/mueller-siegrist.ch\/wp-content\/uploads\/2023\/12\/IMG_2968-768x1024.jpeg\" class=\"attachment-large size-large wp-image-249\" alt=\"\" srcset=\"http:\/\/mueller-siegrist.ch\/wp-content\/uploads\/2023\/12\/IMG_2968-768x1024.jpeg 768w, http:\/\/mueller-siegrist.ch\/wp-content\/uploads\/2023\/12\/IMG_2968-225x300.jpeg 225w, http:\/\/mueller-siegrist.ch\/wp-content\/uploads\/2023\/12\/IMG_2968-1152x1536.jpeg 1152w, http:\/\/mueller-siegrist.ch\/wp-content\/uploads\/2023\/12\/IMG_2968-1536x2048.jpeg 1536w, http:\/\/mueller-siegrist.ch\/wp-content\/uploads\/2023\/12\/IMG_2968-1140x1520.jpeg 1140w, http:\/\/mueller-siegrist.ch\/wp-content\/uploads\/2023\/12\/IMG_2968-scaled.jpeg 1920w\" sizes=\"(max-width: 768px) 100vw, 768px\" \/>\t\t\t\t\t\t\t\t\t\t\t\t\t\t\t<\/div>\n\t\t\t\t<\/div>\n\t\t\t\t\t<\/div>\n\t\t<\/div>\n\t\t\t\t<div class=\"elementor-column elementor-col-66 elementor-top-column elementor-element elementor-element-5b0009c\" data-id=\"5b0009c\" data-element_type=\"column\" data-e-type=\"column\">\n\t\t\t<div class=\"elementor-widget-wrap elementor-element-populated\">\n\t\t\t\t\t\t<div class=\"elementor-element elementor-element-6d5ae75 elementor-widget elementor-widget-text-editor\" data-id=\"6d5ae75\" data-element_type=\"widget\" data-e-type=\"widget\" data-widget_type=\"text-editor.default\">\n\t\t\t\t<div class=\"elementor-widget-container\">\n\t\t\t\t\t\t\t\t\t<p>Michaela organisiert das Familienleben und den Haushalt.&nbsp;<\/p><p>Dank ihrem handwerklichen Geschick und Geschmack ist es immer sch\u00f6n drinnen und draussen. Freude macht ihr, G\u00e4ste zu empfangen. Gemeinsam mit Alfred ist sie viel unterwegs mit dem Camperbusli und sonst. Ohne ihre Unterst\u00fctzung k\u00f6nnte Alfred nicht so viele ehrenamtliche Aktivit\u00e4ten durchf\u00fchren.&nbsp;<\/p>\n<p><span style=\"font-family: var( --e-global-typography-text-font-family ), Sans-serif; letter-spacing: 0px;\">Ihr grosses Hobby ist unser Hund Kalani.&nbsp;Sie hat sich in kurzer Zeit ein grosses Wissen \u00fcber Hunde angeeignet und es hat sich gelohnt: Kalani ist (meist) sehr lieb.<\/span><br><\/p>\t\t\t\t\t\t\t\t<\/div>\n\t\t\t\t<\/div>\n\t\t\t\t\t<\/div>\n\t\t<\/div>\n\t\t\t\t\t<\/div>\n\t\t<\/section>\n\t\t\t\t<\/div>\n\t\t","protected":false},"excerpt":{"rendered":"<p>Michaela organisiert das Familienleben und den Haushalt.&nbsp; Dank ihrem handwerklichen Geschick und Geschmack ist es immer sch\u00f6n drinnen und draussen. Freude macht ihr, G\u00e4ste zu empfangen. Gemeinsam mit Alfred ist sie viel unterwegs mit dem Camperbusli und sonst. Ohne ihre Unterst\u00fctzung k\u00f6nnte Alfred nicht so viele ehrenamtliche Aktivit\u00e4ten durchf\u00fchren.&nbsp; Ihr grosses Hobby ist unser Hund Kalani.&nbsp;Sie hat sich in kurzer Zeit ein grosses Wissen \u00fcber Hunde angeeignet und es hat sich gelohnt: Kalani ist (meist) sehr lieb.<\/p>\n","protected":false},"author":1,"featured_media":0,"parent":0,"menu_order":0,"comment_status":"closed","ping_status":"closed","template":"","meta":{"footnotes":""},"class_list":["post-77","page","type-page","status-publish","hentry"],"aioseo_notices":[],"_links":{"self":[{"href":"http:\/\/mueller-siegrist.ch\/index.php\/wp-json\/wp\/v2\/pages\/77","targetHints":{"allow":["GET"]}}],"collection":[{"href":"http:\/\/mueller-siegrist.ch\/index.php\/wp-json\/wp\/v2\/pages"}],"about":[{"href":"http:\/\/mueller-siegrist.ch\/index.php\/wp-json\/wp\/v2\/types\/page"}],"author":[{"embeddable":true,"href":"http:\/\/mueller-siegrist.ch\/index.php\/wp-json\/wp\/v2\/users\/1"}],"replies":[{"embeddable":true,"href":"http:\/\/mueller-siegrist.ch\/index.php\/wp-json\/wp\/v2\/comments?post=77"}],"version-history":[{"count":9,"href":"http:\/\/mueller-siegrist.ch\/index.php\/wp-json\/wp\/v2\/pages\/77\/revisions"}],"predecessor-version":[{"id":252,"href":"http:\/\/mueller-siegrist.ch\/index.php\/wp-json\/wp\/v2\/pages\/77\/revisions\/252"}],"wp:attachment":[{"href":"http:\/\/mueller-siegrist.ch\/index.php\/wp-json\/wp\/v2\/media?parent=77"}],"curies":[{"name":"wp","href":"https:\/\/api.w.org\/{rel}","templated":true}]}}