{"id":103,"date":"2020-04-19T17:03:48","date_gmt":"2020-04-19T17:03:48","guid":{"rendered":"http:\/\/mueller-siegrist.ch\/?page_id=103"},"modified":"2023-12-06T00:29:48","modified_gmt":"2023-12-06T00:29:48","slug":"kontakt","status":"publish","type":"page","link":"http:\/\/mueller-siegrist.ch\/index.php\/kontakt\/","title":{"rendered":"Kontakt"},"content":{"rendered":"\t\t<div data-elementor-type=\"wp-page\" data-elementor-id=\"103\" class=\"elementor elementor-103\">\n\t\t\t\t\t\t<section class=\"elementor-section elementor-top-section elementor-element elementor-element-753c42e elementor-section-boxed elementor-section-height-default elementor-section-height-default\" data-id=\"753c42e\" data-element_type=\"section\" data-e-type=\"section\">\n\t\t\t\t\t\t<div class=\"elementor-container elementor-column-gap-default\">\n\t\t\t\t\t<div class=\"elementor-column elementor-col-100 elementor-top-column elementor-element elementor-element-adcbe3a\" data-id=\"adcbe3a\" data-element_type=\"column\" data-e-type=\"column\">\n\t\t\t<div class=\"elementor-widget-wrap elementor-element-populated\">\n\t\t\t\t\t\t<div class=\"elementor-element elementor-element-9a234ff elementor-widget elementor-widget-text-editor\" data-id=\"9a234ff\" data-element_type=\"widget\" data-e-type=\"widget\" data-widget_type=\"text-editor.default\">\n\t\t\t\t<div class=\"elementor-widget-container\">\n\t\t\t\t\t\t\t\t\t<p class=\"p1\"><span class=\"s1\"><strong>Michaela M\u00fcller<\/strong>, <span class=\"s2\">michaela (a) mueller-siegrist.ch<\/span><\/span><\/p><p class=\"p1\"><span class=\"s1\"><strong>Alfred M\u00fcller<\/strong>, <span class=\"s2\">alfred (a) mueller-siegrist.ch<\/span><\/span><\/p><p class=\"p2\"><span class=\"s3\">L\u00e4ngg\u00e4ssli 25,\u00a0<\/span><span style=\"font-family: var( --e-global-typography-text-font-family ), Sans-serif; letter-spacing: 0px;\">3604 Thun,\u00a0<\/span><span style=\"font-family: var( --e-global-typography-text-font-family ), Sans-serif; letter-spacing: 0px;\">Schweiz<\/span><\/p>\t\t\t\t\t\t\t\t<\/div>\n\t\t\t\t<\/div>\n\t\t\t\t\t<\/div>\n\t\t<\/div>\n\t\t\t\t\t<\/div>\n\t\t<\/section>\n\t\t\t\t<section class=\"elementor-section elementor-top-section elementor-element elementor-element-6debfc9 elementor-section-boxed elementor-section-height-default elementor-section-height-default\" data-id=\"6debfc9\" data-element_type=\"section\" data-e-type=\"section\">\n\t\t\t\t\t\t<div class=\"elementor-container elementor-column-gap-default\">\n\t\t\t\t\t<div class=\"elementor-column elementor-col-100 elementor-top-column elementor-element elementor-element-a6802b4\" data-id=\"a6802b4\" data-element_type=\"column\" data-e-type=\"column\">\n\t\t\t<div class=\"elementor-widget-wrap elementor-element-populated\">\n\t\t\t\t\t\t<div class=\"elementor-element elementor-element-db3b1c0 elementor-widget elementor-widget-image\" data-id=\"db3b1c0\" data-element_type=\"widget\" data-e-type=\"widget\" data-widget_type=\"image.default\">\n\t\t\t\t<div class=\"elementor-widget-container\">\n\t\t\t\t\t\t\t\t\t\t\t\t\t\t\t<img fetchpriority=\"high\" decoding=\"async\" width=\"960\" height=\"102\" src=\"http:\/\/mueller-siegrist.ch\/wp-content\/uploads\/2020\/04\/IMG_3213-1024x109.jpeg\" class=\"attachment-large size-large wp-image-203\" alt=\"\" srcset=\"http:\/\/mueller-siegrist.ch\/wp-content\/uploads\/2020\/04\/IMG_3213-1024x109.jpeg 1024w, http:\/\/mueller-siegrist.ch\/wp-content\/uploads\/2020\/04\/IMG_3213-300x32.jpeg 300w, http:\/\/mueller-siegrist.ch\/wp-content\/uploads\/2020\/04\/IMG_3213-768x82.jpeg 768w, http:\/\/mueller-siegrist.ch\/wp-content\/uploads\/2020\/04\/IMG_3213-1536x164.jpeg 1536w, http:\/\/mueller-siegrist.ch\/wp-content\/uploads\/2020\/04\/IMG_3213-2048x218.jpeg 2048w, http:\/\/mueller-siegrist.ch\/wp-content\/uploads\/2020\/04\/IMG_3213-1140x122.jpeg 1140w\" sizes=\"(max-width: 960px) 100vw, 960px\" \/>\t\t\t\t\t\t\t\t\t\t\t\t\t\t\t<\/div>\n\t\t\t\t<\/div>\n\t\t\t\t\t<\/div>\n\t\t<\/div>\n\t\t\t\t\t<\/div>\n\t\t<\/section>\n\t\t\t\t<section class=\"elementor-section elementor-top-section elementor-element elementor-element-4225568 elementor-section-boxed elementor-section-height-default elementor-section-height-default\" data-id=\"4225568\" data-element_type=\"section\" data-e-type=\"section\">\n\t\t\t\t\t\t<div class=\"elementor-container elementor-column-gap-default\">\n\t\t\t\t\t<div class=\"elementor-column elementor-col-100 elementor-top-column elementor-element elementor-element-72e0a67\" data-id=\"72e0a67\" data-element_type=\"column\" data-e-type=\"column\">\n\t\t\t<div class=\"elementor-widget-wrap elementor-element-populated\">\n\t\t\t\t\t\t<div class=\"elementor-element elementor-element-3eb5183 elementor-widget elementor-widget-text-editor\" data-id=\"3eb5183\" data-element_type=\"widget\" data-e-type=\"widget\" data-widget_type=\"text-editor.default\">\n\t\t\t\t<div class=\"elementor-widget-container\">\n\t\t\t\t\t\t\t\t\t<p><em><span style=\"caret-color: #000000; color: #000000; font-size: 18px;\">Bild: Unsere Aussicht!<\/span><\/em><\/p>\t\t\t\t\t\t\t\t<\/div>\n\t\t\t\t<\/div>\n\t\t\t\t\t<\/div>\n\t\t<\/div>\n\t\t\t\t\t<\/div>\n\t\t<\/section>\n\t\t\t\t<\/div>\n\t\t","protected":false},"excerpt":{"rendered":"<p>Michaela M\u00fcller, michaela (a) mueller-siegrist.ch Alfred M\u00fcller, alfred (a) mueller-siegrist.ch L\u00e4ngg\u00e4ssli 25,\u00a03604 Thun,\u00a0Schweiz Bild: Unsere Aussicht!<\/p>\n","protected":false},"author":1,"featured_media":0,"parent":0,"menu_order":0,"comment_status":"closed","ping_status":"closed","template":"","meta":{"footnotes":""},"class_list":["post-103","page","type-page","status-publish","hentry"],"aioseo_notices":[],"_links":{"self":[{"href":"http:\/\/mueller-siegrist.ch\/index.php\/wp-json\/wp\/v2\/pages\/103","targetHints":{"allow":["GET"]}}],"collection":[{"href":"http:\/\/mueller-siegrist.ch\/index.php\/wp-json\/wp\/v2\/pages"}],"about":[{"href":"http:\/\/mueller-siegrist.ch\/index.php\/wp-json\/wp\/v2\/types\/page"}],"author":[{"embeddable":true,"href":"http:\/\/mueller-siegrist.ch\/index.php\/wp-json\/wp\/v2\/users\/1"}],"replies":[{"embeddable":true,"href":"http:\/\/mueller-siegrist.ch\/index.php\/wp-json\/wp\/v2\/comments?post=103"}],"version-history":[{"count":10,"href":"http:\/\/mueller-siegrist.ch\/index.php\/wp-json\/wp\/v2\/pages\/103\/revisions"}],"predecessor-version":[{"id":267,"href":"http:\/\/mueller-siegrist.ch\/index.php\/wp-json\/wp\/v2\/pages\/103\/revisions\/267"}],"wp:attachment":[{"href":"http:\/\/mueller-siegrist.ch\/index.php\/wp-json\/wp\/v2\/media?parent=103"}],"curies":[{"name":"wp","href":"https:\/\/api.w.org\/{rel}","templated":true}]}}